{"id":3,"date":"2024-04-30T02:18:21","date_gmt":"2024-04-30T00:18:21","guid":{"rendered":"http:\/\/digityf.cluster029.hosting.ovh.net\/?page_id=3"},"modified":"2024-05-02T00:13:08","modified_gmt":"2024-05-01T22:13:08","slug":"politique-de-confidentialite","status":"publish","type":"page","link":"https:\/\/www.digital-device.eu\/index.php\/politique-de-confidentialite\/","title":{"rendered":"Politique de confidentialit\u00e9"},"content":{"rendered":"\r\n<h2 class=\"wp-block-heading\">Qui sommes-nous&nbsp;?<\/h2>\r\n\r\n\r\n\r\n<p><strong class=\"privacy-policy-tutorial\">Texte sugg&eacute;r&eacute;&nbsp;: <\/strong>L&rsquo;adresse de notre site est &laquo;&nbsp;<a href=\"https:\/\/www.digital-device.eu\">digital-device.eu<\/a>&laquo;&nbsp;<\/p>\r\n\r\n\r\n\r\n<h2 class=\"wp-block-heading\">Commentaires<\/h2>\r\n\r\n\r\n\r\n<p><strong class=\"privacy-policy-tutorial\">Texte sugg&eacute;r&eacute;&nbsp;: <\/strong>Quand vous laissez un commentaire sur notre site, les donn&eacute;es inscrites dans le formulaire de commentaire, ainsi que votre adresse IP et l&rsquo;agent utilisateur de votre n<a href=\"https:\/\/www.digital-device.eu\/index.php\/encyclopedia\/avi\/\" target=\"_self\" title=\"Le format de fichier AVI (Audio Video Interleave) est un format de conteneur multim&eacute;dia introduit par Microsoft en novembre 1992 dans le cadre de son projet Video for Windows. Caract&eacute;ristiques Principales Conteneur Multim&eacute;dia : Le format AVI est un conteneur qui peut contenir &agrave; la fois des donn&eacute;es audio et vid&eacute;o dans un seul fichier.&hellip;\" class=\"encyclopedia\">avi<\/a>gateur sont collect&eacute;s pour nous aider &agrave; la d&eacute;tection des commentaires ind&eacute;sirables.<\/p>\r\n\r\n\r\n\r\n<p>Une cha&icirc;ne anonymis&eacute;e cr&eacute;&eacute;e &agrave; partir de votre adresse e-mail (&eacute;galement appel&eacute;e hash) peut &ecirc;tre envoy&eacute;e au service Gravatar pour v&eacute;rifier si vous utilisez ce dernier. Les clauses de confidentialit&eacute; du service Gravatar sont disponibles ici&nbsp;: https:\/\/automattic.com\/privacy\/. Apr&egrave;s validation de votre commentaire, votre photo de profil sera visible publiquement &agrave; cot&eacute; de votre commentaire.<\/p>\r\n\r\n\r\n\r\n<h2 class=\"wp-block-heading\">M&eacute;dias<\/h2>\r\n\r\n\r\n\r\n<p><strong class=\"privacy-policy-tutorial\">Texte sugg&eacute;r&eacute;&nbsp;: <\/strong>Si vous t&eacute;l&eacute;versez des images sur le site, nous vous conseillons d&rsquo;&eacute;viter de t&eacute;l&eacute;verser des images contenant des donn&eacute;es EXIF de coordonn&eacute;es GPS. Les personnes visitant votre site peuvent t&eacute;l&eacute;charger et extraire des donn&eacute;es de localisation depuis ces images.<\/p>\r\n\r\n\r\n\r\n<h2 class=\"wp-block-heading\">Cookies<\/h2>\r\n\r\n\r\n\r\n<p><strong class=\"privacy-policy-tutorial\">Texte sugg&eacute;r&eacute;&nbsp;: <\/strong>Si vous d&eacute;posez un commentaire sur notre site, il vous sera propos&eacute; d&rsquo;enregistrer votre nom, adresse e-mail et site dans des cookies. C&rsquo;est uniquement pour votre confort afin de ne pas avoir &agrave; saisir ces informations si vous d&eacute;posez un autre commentaire plus tard. Ces cookies expirent au bout d&rsquo;un an.<\/p>\r\n\r\n\r\n\r\n<p>Si vous vous rendez sur la page de connexion, un cookie temporaire sera cr&eacute;&eacute; afin de d&eacute;terminer si votre n<a href=\"https:\/\/www.digital-device.eu\/index.php\/encyclopedia\/avi\/\" target=\"_self\" title=\"Le format de fichier AVI (Audio Video Interleave) est un format de conteneur multim&eacute;dia introduit par Microsoft en novembre 1992 dans le cadre de son projet Video for Windows. Caract&eacute;ristiques Principales Conteneur Multim&eacute;dia : Le format AVI est un conteneur qui peut contenir &agrave; la fois des donn&eacute;es audio et vid&eacute;o dans un seul fichier.&hellip;\" class=\"encyclopedia\">avi<\/a>gateur accepte les cookies. Il ne contient pas de donn&eacute;es personnelles et sera supprim&eacute; automatiquement &agrave; la fermeture de votre n<a href=\"https:\/\/www.digital-device.eu\/index.php\/encyclopedia\/avi\/\" target=\"_self\" title=\"Le format de fichier AVI (Audio Video Interleave) est un format de conteneur multim&eacute;dia introduit par Microsoft en novembre 1992 dans le cadre de son projet Video for Windows. Caract&eacute;ristiques Principales Conteneur Multim&eacute;dia : Le format AVI est un conteneur qui peut contenir &agrave; la fois des donn&eacute;es audio et vid&eacute;o dans un seul fichier.&hellip;\" class=\"encyclopedia\">avi<\/a>gateur.<\/p>\r\n\r\n\r\n\r\n<p>Lorsque vous vous connecterez, nous mettrons en place un certain nombre de cookies pour enregistrer vos informations de connexion et vos pr&eacute;f&eacute;rences d&rsquo;&eacute;cran. La dur&eacute;e de vie d&rsquo;un cookie de connexion est de deux jours, celle d&rsquo;un cookie d&rsquo;option d&rsquo;&eacute;cran est d&rsquo;un an. Si vous cochez &laquo;&nbsp;Se souvenir de moi&nbsp;&raquo;, votre cookie de connexion sera conserv&eacute; pendant deux semaines. Si vous vous d&eacute;connectez de votre compte, le cookie de connexion sera effac&eacute;.<\/p>\r\n\r\n\r\n\r\n<p>En modifiant ou en publiant une publication, un cookie suppl&eacute;mentaire sera enregistr&eacute; dans votre n<a href=\"https:\/\/www.digital-device.eu\/index.php\/encyclopedia\/avi\/\" target=\"_self\" title=\"Le format de fichier AVI (Audio Video Interleave) est un format de conteneur multim&eacute;dia introduit par Microsoft en novembre 1992 dans le cadre de son projet Video for Windows. Caract&eacute;ristiques Principales Conteneur Multim&eacute;dia : Le format AVI est un conteneur qui peut contenir &agrave; la fois des donn&eacute;es audio et vid&eacute;o dans un seul fichier.&hellip;\" class=\"encyclopedia\">avi<\/a>gateur. Ce cookie ne comprend aucune donn&eacute;e personnelle. Il indique simplement l&rsquo;ID de la publication que vous venez de modifier. Il expire au bout d&rsquo;un jour.<\/p>\r\n\r\n\r\n\r\n<h2 class=\"wp-block-heading\">Contenu embarqu&eacute; depuis d&rsquo;autres sites<\/h2>\r\n\r\n\r\n\r\n<p><strong class=\"privacy-policy-tutorial\">Texte sugg&eacute;r&eacute;&nbsp;: <\/strong>Les articles de ce site peuvent inclure des contenus int&eacute;gr&eacute;s (par exemple des <a href=\"https:\/\/www.digital-device.eu\/index.php\/encyclopedia\/video\/\" target=\"_self\" title=\"La vid&eacute;o est un moyen puissant de capturer, de raconter des histoires et de partager des exp&eacute;riences visuelles avec le monde.\" class=\"encyclopedia\">vid&eacute;o<\/a>s, images, articles&hellip;). Le contenu int&eacute;gr&eacute; depuis d&rsquo;autres sites se comporte de la m&ecirc;me mani&egrave;re que si le visiteur se rendait sur cet autre site.<\/p>\r\n\r\n\r\n\r\n<p>Ces sites web pourraient collecter des donn&eacute;es sur vous, utiliser des cookies, embarquer des outils de suivis tiers, suivre vos interactions avec ces contenus embarqu&eacute;s si vous disposez d&rsquo;un compte connect&eacute; sur leur site web.<\/p>\r\n\r\n\r\n\r\n<h2 class=\"wp-block-heading\">Utilisation et transmission de vos donn&eacute;es personnelles<\/h2>\r\n\r\n\r\n\r\n<p><strong class=\"privacy-policy-tutorial\">Texte sugg&eacute;r&eacute;&nbsp;: <\/strong>Si vous demandez une r&eacute;initialisation de votre mot de passe, votre adresse IP sera incluse dans l&rsquo;e-mail de r&eacute;initialisation.<\/p>\r\n\r\n\r\n\r\n<h2 class=\"wp-block-heading\">Dur&eacute;es de stockage de vos donn&eacute;es<\/h2>\r\n\r\n\r\n\r\n<p><strong class=\"privacy-policy-tutorial\">Texte sugg&eacute;r&eacute;&nbsp;: <\/strong>Si vous laissez un commentaire, le commentaire et ses m&eacute;tadonn&eacute;es sont conserv&eacute;s ind&eacute;finiment. Cela permet de reconna&icirc;tre et approuver automatiquement les commentaires suivants au lieu de les laisser dans la file de mod&eacute;ration.<\/p>\r\n\r\n\r\n\r\n<p>Pour les comptes qui s&rsquo;inscrivent sur notre site (le cas &eacute;ch&eacute;ant), nous stockons &eacute;galement les donn&eacute;es personnelles indiqu&eacute;es dans leur profil. Tous les comptes peuvent voir, modifier ou supprimer leurs informations personnelles &agrave; tout moment (&agrave; l&rsquo;exception de leur identifiant). Les gestionnaires du site peuvent aussi voir et modifier ces informations.<\/p>\r\n\r\n\r\n\r\n<h2 class=\"wp-block-heading\">Les droits que vous avez sur vos donn&eacute;es<\/h2>\r\n\r\n\r\n\r\n<p><strong class=\"privacy-policy-tutorial\">Texte sugg&eacute;r&eacute;&nbsp;: <\/strong>Si vous avez un compte ou si vous avez laiss&eacute; des commentaires sur le site, vous pouvez demander &agrave; recevoir un fichier contenant toutes les donn&eacute;es personnelles que nous poss&eacute;dons &agrave; votre sujet, incluant celles que vous nous avez fournies. Vous pouvez &eacute;galement demander la suppression des donn&eacute;es personnelles vous concernant. Cela ne prend pas en compte les donn&eacute;es stock&eacute;es &agrave; des fins administratives, l&eacute;gales ou pour des raisons de s&eacute;curit&eacute;.<\/p>\r\n\r\n\r\n\r\n<h2 class=\"wp-block-heading\">Transmission de vos donn&eacute;es personnelles<\/h2>\r\n\r\n\r\n\r\n<p><strong class=\"privacy-policy-tutorial\">Texte sugg&eacute;r&eacute;&nbsp;: <\/strong>Les commentaires des visiteurs peuvent &ecirc;tre v&eacute;rifi&eacute;s &agrave; l&rsquo;aide d&rsquo;un service automatis&eacute; de d&eacute;tection des commentaires ind&eacute;sirables.<\/p>\r\n","protected":false},"excerpt":{"rendered":"<p>Qui sommes-nous\u00a0? Texte sugg\u00e9r\u00e9\u00a0: L\u2019adresse de notre site est \u00ab\u00a0digital-device.eu\u00ab\u00a0 Commentaires Texte sugg\u00e9r\u00e9\u00a0: Quand vous laissez un commentaire sur notre site, les donn\u00e9es inscrites dans le formulaire de commentaire, ainsi que votre adresse IP et l\u2019agent utilisateur de votre navigateur sont collect\u00e9s pour nous aider \u00e0 la d\u00e9tection des commentaires ind\u00e9sirables. Une cha\u00eene anonymis\u00e9e cr\u00e9\u00e9e&#8230;<\/p>\n","protected":false},"author":1,"featured_media":0,"parent":0,"menu_order":0,"comment_status":"closed","ping_status":"open","template":"","meta":{"googlesitekit_rrm_CAow4dGhDA:productID":"","_kad_post_transparent":"default","_kad_post_title":"default","_kad_post_layout":"default","_kad_post_sidebar_id":"","_kad_post_content_style":"default","_kad_post_vertical_padding":"default","_kad_post_feature":"","_kad_post_feature_position":"","_kad_post_header":false,"_kad_post_footer":false,"_kad_post_classname":"","footnotes":""},"class_list":["post-3","page","type-page","status-publish","hentry"],"aioseo_notices":[],"_links":{"self":[{"href":"https:\/\/www.digital-device.eu\/index.php\/wp-json\/wp\/v2\/pages\/3","targetHints":{"allow":["GET"]}}],"collection":[{"href":"https:\/\/www.digital-device.eu\/index.php\/wp-json\/wp\/v2\/pages"}],"about":[{"href":"https:\/\/www.digital-device.eu\/index.php\/wp-json\/wp\/v2\/types\/page"}],"author":[{"embeddable":true,"href":"https:\/\/www.digital-device.eu\/index.php\/wp-json\/wp\/v2\/users\/1"}],"replies":[{"embeddable":true,"href":"https:\/\/www.digital-device.eu\/index.php\/wp-json\/wp\/v2\/comments?post=3"}],"version-history":[{"count":0,"href":"https:\/\/www.digital-device.eu\/index.php\/wp-json\/wp\/v2\/pages\/3\/revisions"}],"wp:attachment":[{"href":"https:\/\/www.digital-device.eu\/index.php\/wp-json\/wp\/v2\/media?parent=3"}],"curies":[{"name":"wp","href":"https:\/\/api.w.org\/{rel}","templated":true}]}}